{"id":11828,"date":"2025-06-24T15:37:56","date_gmt":"2025-06-24T13:37:56","guid":{"rendered":"https:\/\/ubmontornes.predev.eu\/?page_id=11828"},"modified":"2025-08-25T18:01:13","modified_gmt":"2025-08-25T16:01:13","slug":"tarjeta-moneder","status":"publish","type":"page","link":"https:\/\/ubmontornes.cat\/es\/tarjeta-moneder\/","title":{"rendered":"Tarjeta Moneder"},"content":{"rendered":"\t\t<div data-elementor-type=\"wp-page\" data-elementor-id=\"11828\" class=\"elementor elementor-11828 elementor-11115\">\n\t\t\t\t<div class=\"elementor-element elementor-element-2bb0bae e-con-full e-flex e-con e-parent\" data-id=\"2bb0bae\" data-element_type=\"container\" data-settings=\"{&quot;background_background&quot;:&quot;classic&quot;}\">\n\t\t\t\t<div class=\"elementor-element elementor-element-a928dfb elementor-widget elementor-widget-heading\" data-id=\"a928dfb\" data-element_type=\"widget\" data-widget_type=\"heading.default\">\n\t\t\t\t<div class=\"elementor-widget-container\">\n\t\t\t\t\t<h1 class=\"elementor-heading-title elementor-size-default\">Tarjeta Moneder<\/h1>\t\t\t\t<\/div>\n\t\t\t\t<\/div>\n\t\t\t\t<div class=\"elementor-element elementor-element-d104d2a elementor-icon-list--layout-inline elementor-list-item-link-full_width elementor-widget elementor-widget-icon-list\" data-id=\"d104d2a\" data-element_type=\"widget\" data-widget_type=\"icon-list.default\">\n\t\t\t\t<div class=\"elementor-widget-container\">\n\t\t\t\t\t\t\t<ul class=\"elementor-icon-list-items elementor-inline-items\">\n\t\t\t\t\t\t\t<li class=\"elementor-icon-list-item elementor-inline-item\">\n\t\t\t\t\t\t\t\t\t\t\t<a href=\"\/\">\n\n\t\t\t\t\t\t\t\t\t\t\t<span class=\"elementor-icon-list-text\">Home<\/span>\n\t\t\t\t\t\t\t\t\t\t\t<\/a>\n\t\t\t\t\t\t\t\t\t<\/li>\n\t\t\t\t\t\t\t\t<li class=\"elementor-icon-list-item elementor-inline-item\">\n\t\t\t\t\t\t\t\t\t\t\t<span class=\"elementor-icon-list-icon\">\n\t\t\t\t\t\t\t<i aria-hidden=\"true\" class=\"ti ti-angle-right\"><\/i>\t\t\t\t\t\t<\/span>\n\t\t\t\t\t\t\t\t\t\t<span class=\"elementor-icon-list-text\">Tarjeta Moneder<\/span>\n\t\t\t\t\t\t\t\t\t<\/li>\n\t\t\t\t\t\t<\/ul>\n\t\t\t\t\t\t<\/div>\n\t\t\t\t<\/div>\n\t\t\t\t<\/div>\n\t\t<div class=\"elementor-element elementor-element-15c5bb4 e-flex e-con-boxed e-con e-parent\" data-id=\"15c5bb4\" data-element_type=\"container\" data-settings=\"{&quot;background_background&quot;:&quot;classic&quot;}\">\n\t\t\t\t\t<div class=\"e-con-inner\">\n\t\t<div class=\"elementor-element elementor-element-4af45fa e-con-full e-flex e-con e-child\" data-id=\"4af45fa\" data-element_type=\"container\">\n\t\t<div class=\"elementor-element elementor-element-1df65e8 e-con-full e-flex e-con e-child\" data-id=\"1df65e8\" data-element_type=\"container\">\n\t\t<div class=\"elementor-element elementor-element-a2785de e-con-full e-flex e-con e-child\" data-id=\"a2785de\" data-element_type=\"container\">\n\t\t\t\t<div class=\"elementor-element elementor-element-6a6555a poket-star-rating--align-center elementor-widget elementor-widget-witr_section_title\" data-id=\"6a6555a\" data-element_type=\"widget\" data-widget_type=\"witr_section_title.default\">\n\t\t\t\t<div class=\"elementor-widget-container\">\n\t\t\t\t\t\t\t\t\t\t<!-- title left -->\n\t\t\t\t\t<div class=\"witr_section_title\">\n\t\t\t\t\t\t<div class=\"witr_section_title_inner text-left\">\n\t\t\t\t\t\t\n\t\t\t\t\t\t\t<!-- icon position -->\n\t\t\t\t\t\t\t\t\n\t\t\t\t\t\t\t<!-- end icon position -->\n\t\t\t\t\t\t\n\t\t\t\t\t\t\n\t\t\t\t\t\t\t<!-- title top -->\n\t\t\t\t\t\t\t\n\t\t\t\t\t\t\t<!-- icon position -->\n\t\t\t\t\t\t\t\t\n\t\t\t\t\t\t\t<!-- end icon position -->\n\n\t\t\t\t\t\t\t\n\t\t\t\t\t\t\t<!-- title middle -->\n\t\t\t\t\t\t\t\t\t\t\t\t\t\t\t<p class=\"h3\" role=\"heading\" aria-level=\"2\">Tarjeta Montorn\u00e8s Som Comer\u00e7<\/p>\t\t\n\t\t\t\t\t\t\t\t\t\t\t\t\t\t<!-- title bottom -->\n\t\t\t\t\t\t\t\t\t\t\t\t\t\t\n\t\t\t\t\t\t\t<!-- icon position -->\n\t\t\t\t\t\t\t\t\t\t\t\t\t\t\n\t\t\t\t\t\t\t<!-- image -->\n\t\t\t\t\t\t\t\t\t\t\t\t\t\t<!-- icon -->\n\t\t\t\t\t\t\t\t\t\t\t\t\t\t\n\t\t\t\t\t\t\t<!-- bar -->\n\t\t\t\t\t\t\t\t\t\t\t\t\t\t<!-- circle bar -->\n\t\t\t\t\t\t\t\t\t\t\t\t\t\t\n\t\t\t\t\t\t\t\t\n\t\t\t\t\t\t\t<!-- end icon position -->\n\n\t\t\t\t\t\t\t<!-- content -->\n\t\t\t\t\t\t\t\t\t\t\t\t\t\t\t<p>La Tarjeta Montorn\u00e8s Som Comer\u00e7 es una herramienta de fidelizaci\u00f3n impulsada por el Ayuntamiento de Montorn\u00e8s del Vall\u00e8s, pensada para apoyar al comercio local y fidelizar a la clientela de manera efectiva y moderna.\n\n<br><br>\nFunciona a trav\u00e9s de la plataforma Moneder y permite que cada establecimiento pueda aplicar sus propias campa\u00f1as de promoci\u00f3n y ventajas: puntos, descuentos, regalos, sorteos\u2026\n<br><br>\nDesde la Uni\u00f3n de Comerciantes, ayudamos a los comercios interesados a adherirse al sistema y sacarle el m\u00e1ximo provecho. <\/p>\t\t\n\t\t\t\t\t\t\t\t\t\t\t\t\t<\/div>\n\t\t\t\t\t\t\t<!-- inner title -->\n\t\t\t\t\t\t\t\t\t\t\t\t\t\n\t\t\t\t\t<\/div>\t\t\t\t\n\t\t\t\t\t\t\t\t<\/div>\n\t\t\t\t<\/div>\n\t\t\t\t<\/div>\n\t\t<div class=\"elementor-element elementor-element-2ff4edc e-con-full e-flex e-con e-child\" data-id=\"2ff4edc\" data-element_type=\"container\" data-settings=\"{&quot;background_background&quot;:&quot;classic&quot;}\">\n\t\t\t\t<\/div>\n\t\t\t\t<\/div>\n\t\t\t\t<\/div>\n\t\t\t\t\t<\/div>\n\t\t\t\t<\/div>\n\t\t<div class=\"elementor-element elementor-element-4a708a2 e-flex e-con-boxed e-con e-parent\" data-id=\"4a708a2\" data-element_type=\"container\" data-settings=\"{&quot;background_background&quot;:&quot;classic&quot;}\">\n\t\t\t\t\t<div class=\"e-con-inner\">\n\t\t<div class=\"elementor-element elementor-element-aabaff2 e-con-full e-flex e-con e-child\" data-id=\"aabaff2\" data-element_type=\"container\">\n\t\t<div class=\"elementor-element elementor-element-0380ebc e-con-full e-flex e-con e-child\" data-id=\"0380ebc\" data-element_type=\"container\">\n\t\t<div class=\"elementor-element elementor-element-1474e37 e-con-full e-flex e-con e-child\" data-id=\"1474e37\" data-element_type=\"container\">\n\t\t\t\t<div class=\"elementor-element elementor-element-2613c26 poket-star-rating--align-center elementor-widget elementor-widget-witr_section_title\" data-id=\"2613c26\" data-element_type=\"widget\" data-widget_type=\"witr_section_title.default\">\n\t\t\t\t<div class=\"elementor-widget-container\">\n\t\t\t\t\t\t\t\t\t\t<!-- title left -->\n\t\t\t\t\t<div class=\"witr_section_title\">\n\t\t\t\t\t\t<div class=\"witr_section_title_inner text-left\">\n\t\t\t\t\t\t\n\t\t\t\t\t\t\t<!-- icon position -->\n\t\t\t\t\t\t\t\t\n\t\t\t\t\t\t\t<!-- end icon position -->\n\t\t\t\t\t\t\n\t\t\t\t\t\t\n\t\t\t\t\t\t\t<!-- title top -->\n\t\t\t\t\t\t\t\n\t\t\t\t\t\t\t<!-- icon position -->\n\t\t\t\t\t\t\t\t\n\t\t\t\t\t\t\t<!-- end icon position -->\n\n\t\t\t\t\t\t\t\n\t\t\t\t\t\t\t<!-- title middle -->\n\t\t\t\t\t\t\t\t\t\t\t\t\t\t\t<p class=\"h3\" role=\"heading\" aria-level=\"2\">\u00bfQu\u00e9 ventajas tiene para tu comercio?<\/p>\t\t\n\t\t\t\t\t\t\t\t\t\t\t\t\t\t<!-- title bottom -->\n\t\t\t\t\t\t\t\t\t\t\t\t\t\t\n\t\t\t\t\t\t\t<!-- icon position -->\n\t\t\t\t\t\t\t\t\t\t\t\t\t\t\n\t\t\t\t\t\t\t<!-- image -->\n\t\t\t\t\t\t\t\t\t\t\t\t\t\t<!-- icon -->\n\t\t\t\t\t\t\t\t\t\t\t\t\t\t\n\t\t\t\t\t\t\t<!-- bar -->\n\t\t\t\t\t\t\t\t\t\t\t\t\t\t<!-- circle bar -->\n\t\t\t\t\t\t\t\t\t\t\t\t\t\t\n\t\t\t\t\t\t\t\t\n\t\t\t\t\t\t\t<!-- end icon position -->\n\n\t\t\t\t\t\t\t<!-- content -->\n\t\t\t\t\t\t\t\t\t\t\t\t\t<\/div>\n\t\t\t\t\t\t\t<!-- inner title -->\n\t\t\t\t\t\t\t\t\t\t\t\t\t\n\t\t\t\t\t<\/div>\t\t\t\t\n\t\t\t\t\t\t\t\t<\/div>\n\t\t\t\t<\/div>\n\t\t\t\t<div class=\"elementor-element elementor-element-78412a9 elementor-icon-list--layout-traditional elementor-list-item-link-full_width elementor-widget elementor-widget-icon-list\" data-id=\"78412a9\" data-element_type=\"widget\" data-widget_type=\"icon-list.default\">\n\t\t\t\t<div class=\"elementor-widget-container\">\n\t\t\t\t\t\t\t<ul class=\"elementor-icon-list-items\">\n\t\t\t\t\t\t\t<li class=\"elementor-icon-list-item\">\n\t\t\t\t\t\t\t\t\t\t\t<span class=\"elementor-icon-list-icon\">\n\t\t\t\t\t\t\t<i aria-hidden=\"true\" class=\"fas fa-check\"><\/i>\t\t\t\t\t\t<\/span>\n\t\t\t\t\t\t\t\t\t\t<span class=\"elementor-icon-list-text\">Conectas con tus clientes y los fidelizas.<\/span>\n\t\t\t\t\t\t\t\t\t<\/li>\n\t\t\t\t\t\t\t\t<li class=\"elementor-icon-list-item\">\n\t\t\t\t\t\t\t\t\t\t\t<span class=\"elementor-icon-list-icon\">\n\t\t\t\t\t\t\t<i aria-hidden=\"true\" class=\"fas fa-check\"><\/i>\t\t\t\t\t\t<\/span>\n\t\t\t\t\t\t\t\t\t\t<span class=\"elementor-icon-list-text\">Puedes hacer promociones personalizadas seg\u00fan tus intereses.<\/span>\n\t\t\t\t\t\t\t\t\t<\/li>\n\t\t\t\t\t\t\t\t<li class=\"elementor-icon-list-item\">\n\t\t\t\t\t\t\t\t\t\t\t<span class=\"elementor-icon-list-icon\">\n\t\t\t\t\t\t\t<i aria-hidden=\"true\" class=\"fas fa-check\"><\/i>\t\t\t\t\t\t<\/span>\n\t\t\t\t\t\t\t\t\t\t<span class=\"elementor-icon-list-text\">No depende de ninguna entidad bancaria ni tiene comisiones.<\/span>\n\t\t\t\t\t\t\t\t\t<\/li>\n\t\t\t\t\t\t\t\t<li class=\"elementor-icon-list-item\">\n\t\t\t\t\t\t\t\t\t\t\t<span class=\"elementor-icon-list-icon\">\n\t\t\t\t\t\t\t<i aria-hidden=\"true\" class=\"fas fa-check\"><\/i>\t\t\t\t\t\t<\/span>\n\t\t\t\t\t\t\t\t\t\t<span class=\"elementor-icon-list-text\">Accedes a estad\u00edsticas y herramientas de comunicaci\u00f3n \u00fatiles.<\/span>\n\t\t\t\t\t\t\t\t\t<\/li>\n\t\t\t\t\t\t\t\t<li class=\"elementor-icon-list-item\">\n\t\t\t\t\t\t\t\t\t\t\t<span class=\"elementor-icon-list-icon\">\n\t\t\t\t\t\t\t<i aria-hidden=\"true\" class=\"fas fa-check\"><\/i>\t\t\t\t\t\t<\/span>\n\t\t\t\t\t\t\t\t\t\t<span class=\"elementor-icon-list-text\">Te da visibilidad en la app y web de Moneder y en las campa\u00f1as de la asociaci\u00f3n.<\/span>\n\t\t\t\t\t\t\t\t\t<\/li>\n\t\t\t\t\t\t<\/ul>\n\t\t\t\t\t\t<\/div>\n\t\t\t\t<\/div>\n\t\t\t\t<\/div>\n\t\t<div class=\"elementor-element elementor-element-c281413 e-con-full e-flex e-con e-child\" data-id=\"c281413\" data-element_type=\"container\" data-settings=\"{&quot;background_background&quot;:&quot;classic&quot;}\">\n\t\t\t\t<\/div>\n\t\t\t\t<\/div>\n\t\t\t\t<\/div>\n\t\t\t\t\t<\/div>\n\t\t\t\t<\/div>\n\t\t<div class=\"elementor-element elementor-element-e30e33e e-flex e-con-boxed e-con e-parent\" data-id=\"e30e33e\" data-element_type=\"container\">\n\t\t\t\t\t<div class=\"e-con-inner\">\n\t\t\t\t<div class=\"elementor-element elementor-element-d74c698 poket-star-rating--align-center elementor-widget elementor-widget-witr_section_title\" data-id=\"d74c698\" data-element_type=\"widget\" data-widget_type=\"witr_section_title.default\">\n\t\t\t\t<div class=\"elementor-widget-container\">\n\t\t\t\t\t\t\t\t\t\t<!-- title center -->\n\t\t\t\t\t<div class=\"witr_section_title\">\n\t\t\t\t\t\t<div class=\"witr_section_title_inner text-center\">\n\n\t\t\t\t\t\t\t<!-- icon position -->\n\t\t\t\t\t\t\t\t\n\t\t\t\t\t\t\t<!-- end icon position -->\n\t\t\t\t\t\t\t\n\t\t\t\t\t\t\n\t\t\t\t\t\t\t<!-- title top -->\n\t\t\t\t\t\t\t\n\n\t\t\t\t\t\t\t<!-- icon position -->\n\t\t\t\t\t\t\t\t\n\t\t\t\t\t\t\t<!-- end icon position -->\n\n\n\t\t\t\t\t\t\t\n\t\t\t\t\t\t\t<!-- title middle -->\n\t\t\t\t\t\t\t\t\t\t\t\t\t\t\t<p class=\"h3\" role=\"heading\" aria-level=\"2\">\u00bfQuieres formar parte del proyecto?<\/p>\t\t\n\t\t\t\t\t\t\t\t\t\t\t\t\t\t<!-- title bottom -->\n\t\t\t\t\t\t\t\n\t\t\t\t\t\t\t\n\t\t\t\t\t\t\t\n\t\t\t\t\t\t\t\t\t\t\t\t\t\t\n\t\t\t\t\t\t\t<!-- image -->\n\t\t\t\t\t\t\t\t\t\t\t\t\t\t<!-- icon -->\n\t\t\t\t\t\t\t\t\t\t\t\t\t\t\n\t\t\t\t\t\t\t<!-- bar -->\n\t\t\t\t\t\t\t\t\t\t\t\t\t\t<!-- circle bar -->\n\t\t\t\t\t\t\t\t\t\t\t\t\t\t\n\t\t\t\t\t\t\t\t\n\t\t\t\t\t\t\t\n\n\t\t\t\t\t\t\t\n\t\t\t\t\t\t\t<!-- content -->\n\t\t\t\t\t\t\t\t\t\t\t\t\t\t\n\t\t\t\t\t\t<\/div>\n\t\t\t\t\t\t\t<!-- inner title -->\n\t\t\t\t\t\t\t\t\t\t\t\t\t\n\t\t\t\t\t<\/div>\n\n\t\t\t\t\t\t\t\t<\/div>\n\t\t\t\t<\/div>\n\t\t\t\t<div class=\"elementor-element elementor-element-20c91fe elementor-widget elementor-widget-heading\" data-id=\"20c91fe\" data-element_type=\"widget\" data-widget_type=\"heading.default\">\n\t\t\t\t<div class=\"elementor-widget-container\">\n\t\t\t\t\t<p class=\"elementor-heading-title elementor-size-default\"> Desde la Uni\u00f3n de Comerciantes te asesoramos y ayudamos en el proceso de adhesi\u00f3n.\n<br>\n<b>\n \u00a1Contacta con nosotros para m\u00e1s informaci\u00f3n o para empezar!\n<\/b><\/p>\t\t\t\t<\/div>\n\t\t\t\t<\/div>\n\t\t\t\t<div class=\"elementor-element elementor-element-f2a4657 poket-star-rating-mobile--align-center poket-star-rating-mobile--align-center poket-star-rating--align-center elementor-widget elementor-widget-witr_section_apartment\" data-id=\"f2a4657\" data-element_type=\"widget\" data-widget_type=\"witr_section_apartment.default\">\n\t\t\t\t<div class=\"elementor-widget-container\">\n\t\t\t\t\t\n\t\t\t\t\t<div class=\"apartment_area\">\t\t\t\t\n\t\t\t\t\t\t<div class=\"apartment_text\">\t\t\n\t\t\t\t\t\t\t<!-- title -->\n\t\t\t\t\t\t\t\t\t\n\t\t\t\t\t\t\t<!-- content -->\n\t\t\t\t\t\t\t\t\t\t\t\t\t\t\n\t\t\t\t\t\t<\/div>\t\t\n\t\t\t\t\t\t<div class=\"witr_apartment_form\">\t\t\t\t\t\n\t\t\t\t\t\t\n<div class=\"wpcf7 no-js\" id=\"wpcf7-f11843-o1\" lang=\"es-ES\" dir=\"ltr\" data-wpcf7-id=\"11843\">\n<div class=\"screen-reader-response\"><p role=\"status\" aria-live=\"polite\" aria-atomic=\"true\"><\/p> <ul><\/ul><\/div>\n<form action=\"\/es\/wp-json\/wp\/v2\/pages\/11828#wpcf7-f11843-o1\" method=\"post\" class=\"wpcf7-form init\" aria-label=\"Formulario de contacto\" novalidate=\"novalidate\" data-status=\"init\">\n<div style=\"display: none;\">\n<input type=\"hidden\" name=\"_wpcf7\" value=\"11843\" \/>\n<input type=\"hidden\" name=\"_wpcf7_version\" value=\"6.0.6\" \/>\n<input type=\"hidden\" name=\"_wpcf7_locale\" value=\"es_ES\" \/>\n<input type=\"hidden\" name=\"_wpcf7_unit_tag\" value=\"wpcf7-f11843-o1\" \/>\n<input type=\"hidden\" name=\"_wpcf7_container_post\" value=\"0\" \/>\n<input type=\"hidden\" name=\"_wpcf7_posted_data_hash\" value=\"\" \/>\n<\/div>\n<div class=\"row\">\n\t<div class=\"col-lg-6 col-md-6\">\n\t\t<div class=\"twr_form_box\">\n\t\t\t<p><span class=\"wpcf7-form-control-wrap\" data-name=\"nombre\"><input size=\"40\" maxlength=\"400\" class=\"wpcf7-form-control wpcf7-text wpcf7-validates-as-required form-control\" aria-required=\"true\" aria-invalid=\"false\" placeholder=\"Nombre*\" value=\"\" type=\"text\" name=\"nombre\" \/><\/span>\n\t\t\t<\/p>\n\t\t<\/div>\n\t<\/div>\n\t<div class=\"col-lg-6 col-md-6\">\n\t\t<div class=\"twr_form_box\">\n\t\t\t<p><span class=\"wpcf7-form-control-wrap\" data-name=\"apell\"><input size=\"40\" maxlength=\"400\" class=\"wpcf7-form-control wpcf7-text wpcf7-validates-as-required form-control\" aria-required=\"true\" aria-invalid=\"false\" placeholder=\"Apellidos*\" value=\"\" type=\"text\" name=\"apell\" \/><\/span>\n\t\t\t<\/p>\n\t\t<\/div>\n\t<\/div>\n\t<div class=\"col-lg-6 col-md-6\">\n\t\t<div class=\"twr_form_box\">\n\t\t\t<p><span class=\"wpcf7-form-control-wrap\" data-name=\"dni\"><input size=\"40\" maxlength=\"400\" class=\"wpcf7-form-control wpcf7-text wpcf7-validates-as-required form-control\" aria-required=\"true\" aria-invalid=\"false\" placeholder=\"DNI*\" value=\"\" type=\"text\" name=\"dni\" \/><\/span>\n\t\t\t<\/p>\n\t\t<\/div>\n\t<\/div>\n\t<div class=\"col-lg-6 col-md-6\">\n\t\t<div class=\"twr_form_box\">\n\t\t\t<p><span class=\"wpcf7-form-control-wrap\" data-name=\"direcc\"><input size=\"40\" maxlength=\"400\" class=\"wpcf7-form-control wpcf7-text wpcf7-validates-as-required form-control\" aria-required=\"true\" aria-invalid=\"false\" placeholder=\"Direcci\u00f3n*\" value=\"\" type=\"text\" name=\"direcc\" \/><\/span>\n\t\t\t<\/p>\n\t\t<\/div>\n\t<\/div>\n\t<div class=\"col-lg-6 col-md-6\">\n\t\t<div class=\"twr_form_box\">\n\t\t\t<p><span class=\"wpcf7-form-control-wrap\" data-name=\"number-19\"><input class=\"wpcf7-form-control wpcf7-number wpcf7-validates-as-required wpcf7-validates-as-number form-control\" aria-required=\"true\" aria-invalid=\"false\" placeholder=\"Tel\u00e9fono*\" value=\"\" type=\"number\" name=\"number-19\" \/><\/span>\n\t\t\t<\/p>\n\t\t<\/div>\n\t<\/div>\n\t<div class=\"col-lg-6 col-md-6\">\n\t\t<div class=\"twr_form_box\">\n\t\t\t<p><span class=\"wpcf7-form-control-wrap\" data-name=\"email-380\"><input size=\"40\" maxlength=\"400\" class=\"wpcf7-form-control wpcf7-email wpcf7-validates-as-required wpcf7-text wpcf7-validates-as-email form-control\" aria-required=\"true\" aria-invalid=\"false\" placeholder=\"Correo electr\u00f3nico*\" value=\"\" type=\"email\" name=\"email-380\" \/><\/span>\n\t\t\t<\/p>\n\t\t<\/div>\n\t<\/div>\n\t<div class=\"col-lg-12 col-md-12\">\n\t\t<p><span class=\"wpcf7-form-control-wrap\" data-name=\"acceptance-534\"><span class=\"wpcf7-form-control wpcf7-acceptance\"><span class=\"wpcf7-list-item\"><label><input type=\"checkbox\" name=\"acceptance-534\" value=\"1\" aria-invalid=\"false\" \/><span class=\"wpcf7-list-item-label\">He le\u00eddo y acepto la <a href=\"\/politica-de-privacidad\/\">pol\u00edtica de privacidad<\/a><\/span><\/label><\/span><\/span><\/span>\n\t\t<\/p>\n\t<\/div>\n\t<p><button type=\"submit\" class=\"btn btn-primary\">Enviar mensaje<\/button>\n\t<\/p>\n<\/div>\n<div class=\"wpcf7-response-output\" aria-hidden=\"true\"><\/div>\n<\/form>\n<\/div>\n\t\t\t\t\t\t\t\t\n\t\t\t\t\t\t<\/div>\n\t\t\t\t\t<\/div>\t\t\t\t\t\n\t\t\n\t\t\t\t\t\t<\/div>\n\t\t\t\t<\/div>\n\t\t\t\t\t<\/div>\n\t\t\t\t<\/div>\n\t\t\t\t<\/div>\n\t\t","protected":false},"excerpt":{"rendered":"<p>Tarjeta Moneder Home Tarjeta Moneder Tarjeta Montorn\u00e8s Som Comer\u00e7 La Tarjeta Montorn\u00e8s Som Comer\u00e7 es una herramienta de fidelizaci\u00f3n impulsada por el Ayuntamiento de Montorn\u00e8s del Vall\u00e8s, pensada para apoyar al comercio local y fidelizar a la clientela de manera efectiva y moderna. Funciona a trav\u00e9s de la plataforma Moneder y permite que cada establecimiento [&hellip;]<\/p>\n","protected":false},"author":2,"featured_media":0,"parent":0,"menu_order":0,"comment_status":"closed","ping_status":"closed","template":"template-home.php","meta":{"footnotes":""},"class_list":["post-11828","page","type-page","status-publish","hentry"],"yoast_head":"<!-- This site is optimized with the Yoast SEO plugin v25.7 - https:\/\/yoast.com\/wordpress\/plugins\/seo\/ -->\n<title>Tarjeta Moneder | Ventajas en el Comercio Local Montorn\u00e8s<\/title>\n<meta name=\"description\" content=\"Descubre la tarjeta Moneder de Montorn\u00e8s: una forma f\u00e1cil y segura de comprar en el comercio local, disfrutando de promociones y beneficios para todos.\" \/>\n<meta name=\"robots\" content=\"index, follow, max-snippet:-1, max-image-preview:large, max-video-preview:-1\" \/>\n<link rel=\"canonical\" href=\"https:\/\/ubmontornes.cat\/es\/tarjeta-moneder\/\" \/>\n<meta property=\"og:locale\" content=\"es_ES\" \/>\n<meta property=\"og:type\" content=\"article\" \/>\n<meta property=\"og:title\" content=\"Tarjeta Moneder | Ventajas en el Comercio Local Montorn\u00e8s\" \/>\n<meta property=\"og:description\" content=\"Descubre la tarjeta Moneder de Montorn\u00e8s: una forma f\u00e1cil y segura de comprar en el comercio local, disfrutando de promociones y beneficios para todos.\" \/>\n<meta property=\"og:url\" content=\"https:\/\/ubmontornes.cat\/es\/tarjeta-moneder\/\" \/>\n<meta property=\"og:site_name\" content=\"Uni\u00f3 De Botiguers De Montorn\u00e8s Del Vall\u00e8s\" \/>\n<meta property=\"article:publisher\" content=\"https:\/\/www.facebook.com\/ubmontornes\/\" \/>\n<meta property=\"article:modified_time\" content=\"2025-08-25T16:01:13+00:00\" \/>\n<meta name=\"twitter:card\" content=\"summary_large_image\" \/>\n<meta name=\"twitter:label1\" content=\"Tiempo de lectura\" \/>\n\t<meta name=\"twitter:data1\" content=\"1 minuto\" \/>\n<script type=\"application\/ld+json\" class=\"yoast-schema-graph\">{\"@context\":\"https:\/\/schema.org\",\"@graph\":[{\"@type\":\"WebPage\",\"@id\":\"https:\/\/ubmontornes.cat\/es\/tarjeta-moneder\/\",\"url\":\"https:\/\/ubmontornes.cat\/es\/tarjeta-moneder\/\",\"name\":\"Tarjeta Moneder | Ventajas en el Comercio Local Montorn\u00e8s\",\"isPartOf\":{\"@id\":\"https:\/\/ubmontornes.cat\/#website\"},\"datePublished\":\"2025-06-24T13:37:56+00:00\",\"dateModified\":\"2025-08-25T16:01:13+00:00\",\"description\":\"Descubre la tarjeta Moneder de Montorn\u00e8s: una forma f\u00e1cil y segura de comprar en el comercio local, disfrutando de promociones y beneficios para todos.\",\"breadcrumb\":{\"@id\":\"https:\/\/ubmontornes.cat\/es\/tarjeta-moneder\/#breadcrumb\"},\"inLanguage\":\"es\",\"potentialAction\":[{\"@type\":\"ReadAction\",\"target\":[\"https:\/\/ubmontornes.cat\/es\/tarjeta-moneder\/\"]}]},{\"@type\":\"BreadcrumbList\",\"@id\":\"https:\/\/ubmontornes.cat\/es\/tarjeta-moneder\/#breadcrumb\",\"itemListElement\":[{\"@type\":\"ListItem\",\"position\":1,\"name\":\"Inici\",\"item\":\"https:\/\/ubmontornes.cat\/es\/\"},{\"@type\":\"ListItem\",\"position\":2,\"name\":\"Tarjeta Moneder\"}]},{\"@type\":\"WebSite\",\"@id\":\"https:\/\/ubmontornes.cat\/#website\",\"url\":\"https:\/\/ubmontornes.cat\/\",\"name\":\"Uni\u00f3 De Botiguers De Montorn\u00e8s Del Vall\u00e8s\",\"description\":\"Montorn\u00e8s som comer\u00e7\",\"publisher\":{\"@id\":\"https:\/\/ubmontornes.cat\/#organization\"},\"potentialAction\":[{\"@type\":\"SearchAction\",\"target\":{\"@type\":\"EntryPoint\",\"urlTemplate\":\"https:\/\/ubmontornes.cat\/?s={search_term_string}\"},\"query-input\":{\"@type\":\"PropertyValueSpecification\",\"valueRequired\":true,\"valueName\":\"search_term_string\"}}],\"inLanguage\":\"es\"},{\"@type\":\"Organization\",\"@id\":\"https:\/\/ubmontornes.cat\/#organization\",\"name\":\"Uni\u00f3 De Botiguers De Montorn\u00e8s Del Vall\u00e8s\",\"url\":\"https:\/\/ubmontornes.cat\/\",\"logo\":{\"@type\":\"ImageObject\",\"inLanguage\":\"es\",\"@id\":\"https:\/\/ubmontornes.cat\/#\/schema\/logo\/image\/\",\"url\":\"https:\/\/ubmontornes.cat\/wp-content\/uploads\/2025\/06\/logo-UBM.png\",\"contentUrl\":\"https:\/\/ubmontornes.cat\/wp-content\/uploads\/2025\/06\/logo-UBM.png\",\"width\":1547,\"height\":1127,\"caption\":\"Uni\u00f3 De Botiguers De Montorn\u00e8s Del Vall\u00e8s\"},\"image\":{\"@id\":\"https:\/\/ubmontornes.cat\/#\/schema\/logo\/image\/\"},\"sameAs\":[\"https:\/\/www.facebook.com\/ubmontornes\/\",\"https:\/\/www.instagram.com\/ubmontornes\/\"]}]}<\/script>\n<!-- \/ Yoast SEO plugin. -->","yoast_head_json":{"title":"Tarjeta Moneder | Ventajas en el Comercio Local Montorn\u00e8s","description":"Descubre la tarjeta Moneder de Montorn\u00e8s: una forma f\u00e1cil y segura de comprar en el comercio local, disfrutando de promociones y beneficios para todos.","robots":{"index":"index","follow":"follow","max-snippet":"max-snippet:-1","max-image-preview":"max-image-preview:large","max-video-preview":"max-video-preview:-1"},"canonical":"https:\/\/ubmontornes.cat\/es\/tarjeta-moneder\/","og_locale":"es_ES","og_type":"article","og_title":"Tarjeta Moneder | Ventajas en el Comercio Local Montorn\u00e8s","og_description":"Descubre la tarjeta Moneder de Montorn\u00e8s: una forma f\u00e1cil y segura de comprar en el comercio local, disfrutando de promociones y beneficios para todos.","og_url":"https:\/\/ubmontornes.cat\/es\/tarjeta-moneder\/","og_site_name":"Uni\u00f3 De Botiguers De Montorn\u00e8s Del Vall\u00e8s","article_publisher":"https:\/\/www.facebook.com\/ubmontornes\/","article_modified_time":"2025-08-25T16:01:13+00:00","twitter_card":"summary_large_image","twitter_misc":{"Tiempo de lectura":"1 minuto"},"schema":{"@context":"https:\/\/schema.org","@graph":[{"@type":"WebPage","@id":"https:\/\/ubmontornes.cat\/es\/tarjeta-moneder\/","url":"https:\/\/ubmontornes.cat\/es\/tarjeta-moneder\/","name":"Tarjeta Moneder | Ventajas en el Comercio Local Montorn\u00e8s","isPartOf":{"@id":"https:\/\/ubmontornes.cat\/#website"},"datePublished":"2025-06-24T13:37:56+00:00","dateModified":"2025-08-25T16:01:13+00:00","description":"Descubre la tarjeta Moneder de Montorn\u00e8s: una forma f\u00e1cil y segura de comprar en el comercio local, disfrutando de promociones y beneficios para todos.","breadcrumb":{"@id":"https:\/\/ubmontornes.cat\/es\/tarjeta-moneder\/#breadcrumb"},"inLanguage":"es","potentialAction":[{"@type":"ReadAction","target":["https:\/\/ubmontornes.cat\/es\/tarjeta-moneder\/"]}]},{"@type":"BreadcrumbList","@id":"https:\/\/ubmontornes.cat\/es\/tarjeta-moneder\/#breadcrumb","itemListElement":[{"@type":"ListItem","position":1,"name":"Inici","item":"https:\/\/ubmontornes.cat\/es\/"},{"@type":"ListItem","position":2,"name":"Tarjeta Moneder"}]},{"@type":"WebSite","@id":"https:\/\/ubmontornes.cat\/#website","url":"https:\/\/ubmontornes.cat\/","name":"Uni\u00f3 De Botiguers De Montorn\u00e8s Del Vall\u00e8s","description":"Montorn\u00e8s som comer\u00e7","publisher":{"@id":"https:\/\/ubmontornes.cat\/#organization"},"potentialAction":[{"@type":"SearchAction","target":{"@type":"EntryPoint","urlTemplate":"https:\/\/ubmontornes.cat\/?s={search_term_string}"},"query-input":{"@type":"PropertyValueSpecification","valueRequired":true,"valueName":"search_term_string"}}],"inLanguage":"es"},{"@type":"Organization","@id":"https:\/\/ubmontornes.cat\/#organization","name":"Uni\u00f3 De Botiguers De Montorn\u00e8s Del Vall\u00e8s","url":"https:\/\/ubmontornes.cat\/","logo":{"@type":"ImageObject","inLanguage":"es","@id":"https:\/\/ubmontornes.cat\/#\/schema\/logo\/image\/","url":"https:\/\/ubmontornes.cat\/wp-content\/uploads\/2025\/06\/logo-UBM.png","contentUrl":"https:\/\/ubmontornes.cat\/wp-content\/uploads\/2025\/06\/logo-UBM.png","width":1547,"height":1127,"caption":"Uni\u00f3 De Botiguers De Montorn\u00e8s Del Vall\u00e8s"},"image":{"@id":"https:\/\/ubmontornes.cat\/#\/schema\/logo\/image\/"},"sameAs":["https:\/\/www.facebook.com\/ubmontornes\/","https:\/\/www.instagram.com\/ubmontornes\/"]}]}},"_links":{"self":[{"href":"https:\/\/ubmontornes.cat\/es\/wp-json\/wp\/v2\/pages\/11828","targetHints":{"allow":["GET"]}}],"collection":[{"href":"https:\/\/ubmontornes.cat\/es\/wp-json\/wp\/v2\/pages"}],"about":[{"href":"https:\/\/ubmontornes.cat\/es\/wp-json\/wp\/v2\/types\/page"}],"author":[{"embeddable":true,"href":"https:\/\/ubmontornes.cat\/es\/wp-json\/wp\/v2\/users\/2"}],"replies":[{"embeddable":true,"href":"https:\/\/ubmontornes.cat\/es\/wp-json\/wp\/v2\/comments?post=11828"}],"version-history":[{"count":17,"href":"https:\/\/ubmontornes.cat\/es\/wp-json\/wp\/v2\/pages\/11828\/revisions"}],"predecessor-version":[{"id":12660,"href":"https:\/\/ubmontornes.cat\/es\/wp-json\/wp\/v2\/pages\/11828\/revisions\/12660"}],"wp:attachment":[{"href":"https:\/\/ubmontornes.cat\/es\/wp-json\/wp\/v2\/media?parent=11828"}],"curies":[{"name":"wp","href":"https:\/\/api.w.org\/{rel}","templated":true}]}}